{"id":871,"date":"2026-04-22T14:15:45","date_gmt":"2026-04-22T12:15:45","guid":{"rendered":"https:\/\/imprimbook.fr\/?page_id=871"},"modified":"2026-04-22T14:15:46","modified_gmt":"2026-04-22T12:15:46","slug":"mentions-legales-imprimbook-fr","status":"publish","type":"page","link":"https:\/\/imprimbook.fr\/index.php\/mentions-legales-imprimbook-fr\/","title":{"rendered":"Mentions l\u00e9gales \u2013 imprimbook.fr"},"content":{"rendered":"\n<h2 class=\"wp-block-heading\">\u00c9diteur du site<\/h2>\n\n\n\n<p>Le pr\u00e9sent site internet <strong>imprimbook.fr<\/strong> est \u00e9dit\u00e9 par :<\/p>\n\n\n\n<p><strong>GROUPE SANTERRE<\/strong><\/p>\n\n\n\n<p>Si\u00e8ge social :<br>PA des M\u00e9tairies<br>56130 Nivillac \u2013 France<\/p>\n\n\n\n<ul class=\"wp-block-list\">\n<li><strong>SIREN<\/strong> : 531 761 732<\/li>\n\n\n\n<li><strong>SIRET (si\u00e8ge)<\/strong> : 531 761 732 00019<\/li>\n\n\n\n<li><strong>RCS<\/strong> : Vannes 531 761 732<\/li>\n\n\n\n<li><strong>TVA intracommunautaire<\/strong> : FR25531761732<\/li>\n<\/ul>\n\n\n\n<p><strong>Nom commercial<\/strong> : Imprimerie Moderne<\/p>\n\n\n\n<p>Directeur de la publication :<br><strong>Thierry Santerre<\/strong>, g\u00e9rant<\/p>\n\n\n\n<h2 class=\"wp-block-heading\">H\u00e9bergement<\/h2>\n\n\n\n<p>Le site est h\u00e9berg\u00e9 par :<\/p>\n\n\n\n<p><strong>OVH SAS<\/strong><br>2 rue Kellermann<br>59100 Roubaix \u2013 France<br>T\u00e9l\u00e9phone : 1007<br>Site : <a href=\"http:\/\/www.ovh.com\/\">www.ovh.com<\/a><\/p>\n\n\n\n<h2 class=\"wp-block-heading\">Propri\u00e9t\u00e9 intellectuelle<\/h2>\n\n\n\n<p>L\u2019ensemble des \u00e9l\u00e9ments pr\u00e9sents sur le site imprimbook.fr (textes, images, graphismes, logo, vid\u00e9os, structure, etc.) est prot\u00e9g\u00e9 par le droit de la propri\u00e9t\u00e9 intellectuelle et reste la propri\u00e9t\u00e9 exclusive de GROUPE SANTERRE, sauf mentions contraires.<\/p>\n\n\n\n<p>Toute reproduction, diffusion ou exploitation, totale ou partielle, sans autorisation pr\u00e9alable est interdite.<\/p>\n\n\n\n<h2 class=\"wp-block-heading\">Responsabilit\u00e9<\/h2>\n\n\n\n<p>GROUPE SANTERRE s\u2019efforce d\u2019assurer l\u2019exactitude des informations diffus\u00e9es sur le site. Toutefois, sa responsabilit\u00e9 ne pourra \u00eatre engag\u00e9e en cas d\u2019erreurs, d\u2019omissions ou de r\u00e9sultats obtenus par un usage inappropri\u00e9 des informations.<\/p>\n\n\n\n<p>Des liens hypertextes peuvent \u00eatre pr\u00e9sents sur le site. GROUPE SANTERRE d\u00e9cline toute responsabilit\u00e9 quant au contenu des sites tiers.<\/p>\n\n\n\n<h2 class=\"wp-block-heading\">Donn\u00e9es personnelles<\/h2>\n\n\n\n<p>Les donn\u00e9es personnelles collect\u00e9es via le site sont trait\u00e9es conform\u00e9ment \u00e0 la politique de confidentialit\u00e9 ci-dessous.<\/p>\n\n\n\n<h2 class=\"wp-block-heading\">Cookies<\/h2>\n\n\n\n<p>Le site utilise des cookies afin d\u2019am\u00e9liorer l\u2019exp\u00e9rience utilisateur et mesurer l\u2019audience, conform\u00e9ment \u00e0 la r\u00e9glementation en vigueur.<\/p>\n","protected":false},"excerpt":{"rendered":"<p>\u00c9diteur du site Le pr\u00e9sent site internet imprimbook.fr est \u00e9dit\u00e9 par : GROUPE SANTERRE Si\u00e8ge social :PA des M\u00e9tairies56130 Nivillac \u2013 France Nom commercial : Imprimerie Moderne Directeur de la publication :Thierry Santerre, g\u00e9rant H\u00e9bergement Le site est h\u00e9berg\u00e9 par : OVH SAS2 rue Kellermann59100 Roubaix \u2013 FranceT\u00e9l\u00e9phone : 1007Site : www.ovh.com Propri\u00e9t\u00e9 intellectuelle L\u2019ensemble&#8230;<\/p>\n","protected":false},"author":1,"featured_media":0,"parent":0,"menu_order":0,"comment_status":"closed","ping_status":"closed","template":"","meta":{"_kadence_starter_templates_imported_post":false,"_kad_post_transparent":"","_kad_post_title":"","_kad_post_layout":"","_kad_post_sidebar_id":"","_kad_post_content_style":"","_kad_post_vertical_padding":"","_kad_post_feature":"","_kad_post_feature_position":"","_kad_post_header":false,"_kad_post_footer":false,"_kad_post_classname":"","footnotes":""},"class_list":["post-871","page","type-page","status-publish","hentry"],"yoast_head":"<!-- This site is optimized with the Yoast SEO plugin v27.4 - https:\/\/yoast.com\/product\/yoast-seo-wordpress\/ -->\n<title>Mentions l\u00e9gales \u2013 imprimbook.fr - imprimbook.fr<\/title>\n<meta name=\"robots\" content=\"index, follow, max-snippet:-1, max-image-preview:large, max-video-preview:-1\" \/>\n<link rel=\"canonical\" href=\"https:\/\/imprimbook.fr\/index.php\/mentions-legales-imprimbook-fr\/\" \/>\n<meta property=\"og:locale\" content=\"fr_FR\" \/>\n<meta property=\"og:type\" content=\"article\" \/>\n<meta property=\"og:title\" content=\"Mentions l\u00e9gales \u2013 imprimbook.fr - imprimbook.fr\" \/>\n<meta property=\"og:description\" content=\"\u00c9diteur du site Le pr\u00e9sent site internet imprimbook.fr est \u00e9dit\u00e9 par : GROUPE SANTERRE Si\u00e8ge social :PA des M\u00e9tairies56130 Nivillac \u2013 France Nom commercial : Imprimerie Moderne Directeur de la publication :Thierry Santerre, g\u00e9rant H\u00e9bergement Le site est h\u00e9berg\u00e9 par : OVH SAS2 rue Kellermann59100 Roubaix \u2013 FranceT\u00e9l\u00e9phone : 1007Site : www.ovh.com Propri\u00e9t\u00e9 intellectuelle L\u2019ensemble...\" \/>\n<meta property=\"og:url\" content=\"https:\/\/imprimbook.fr\/index.php\/mentions-legales-imprimbook-fr\/\" \/>\n<meta property=\"og:site_name\" content=\"imprimbook.fr\" \/>\n<meta property=\"article:modified_time\" content=\"2026-04-22T12:15:46+00:00\" \/>\n<meta name=\"twitter:card\" content=\"summary_large_image\" \/>\n<meta name=\"twitter:label1\" content=\"Dur\u00e9e de lecture estim\u00e9e\" \/>\n\t<meta name=\"twitter:data1\" content=\"2 minutes\" \/>\n<script type=\"application\/ld+json\" class=\"yoast-schema-graph\">{\"@context\":\"https:\\\/\\\/schema.org\",\"@graph\":[{\"@type\":\"WebPage\",\"@id\":\"https:\\\/\\\/imprimbook.fr\\\/index.php\\\/mentions-legales-imprimbook-fr\\\/\",\"url\":\"https:\\\/\\\/imprimbook.fr\\\/index.php\\\/mentions-legales-imprimbook-fr\\\/\",\"name\":\"Mentions l\u00e9gales \u2013 imprimbook.fr - imprimbook.fr\",\"isPartOf\":{\"@id\":\"https:\\\/\\\/imprimbook.fr\\\/#website\"},\"datePublished\":\"2026-04-22T12:15:45+00:00\",\"dateModified\":\"2026-04-22T12:15:46+00:00\",\"breadcrumb\":{\"@id\":\"https:\\\/\\\/imprimbook.fr\\\/index.php\\\/mentions-legales-imprimbook-fr\\\/#breadcrumb\"},\"inLanguage\":\"fr-FR\",\"potentialAction\":[{\"@type\":\"ReadAction\",\"target\":[\"https:\\\/\\\/imprimbook.fr\\\/index.php\\\/mentions-legales-imprimbook-fr\\\/\"]}]},{\"@type\":\"BreadcrumbList\",\"@id\":\"https:\\\/\\\/imprimbook.fr\\\/index.php\\\/mentions-legales-imprimbook-fr\\\/#breadcrumb\",\"itemListElement\":[{\"@type\":\"ListItem\",\"position\":1,\"name\":\"Accueil\",\"item\":\"https:\\\/\\\/imprimbook.fr\\\/\"},{\"@type\":\"ListItem\",\"position\":2,\"name\":\"Mentions l\u00e9gales \u2013 imprimbook.fr\"}]},{\"@type\":\"WebSite\",\"@id\":\"https:\\\/\\\/imprimbook.fr\\\/#website\",\"url\":\"https:\\\/\\\/imprimbook.fr\\\/\",\"name\":\"imprimbook.fr\",\"description\":\"Facile &amp; rapide : Imprimez vos livres en ligne\",\"publisher\":{\"@id\":\"https:\\\/\\\/imprimbook.fr\\\/#organization\"},\"potentialAction\":[{\"@type\":\"SearchAction\",\"target\":{\"@type\":\"EntryPoint\",\"urlTemplate\":\"https:\\\/\\\/imprimbook.fr\\\/?s={search_term_string}\"},\"query-input\":{\"@type\":\"PropertyValueSpecification\",\"valueRequired\":true,\"valueName\":\"search_term_string\"}}],\"inLanguage\":\"fr-FR\"},{\"@type\":\"Organization\",\"@id\":\"https:\\\/\\\/imprimbook.fr\\\/#organization\",\"name\":\"imprimbook.fr\",\"url\":\"https:\\\/\\\/imprimbook.fr\\\/\",\"logo\":{\"@type\":\"ImageObject\",\"inLanguage\":\"fr-FR\",\"@id\":\"https:\\\/\\\/imprimbook.fr\\\/#\\\/schema\\\/logo\\\/image\\\/\",\"url\":\"https:\\\/\\\/imprimbook.fr\\\/wp-content\\\/uploads\\\/2025\\\/09\\\/LOGO-INLINE.png\",\"contentUrl\":\"https:\\\/\\\/imprimbook.fr\\\/wp-content\\\/uploads\\\/2025\\\/09\\\/LOGO-INLINE.png\",\"width\":408,\"height\":102,\"caption\":\"imprimbook.fr\"},\"image\":{\"@id\":\"https:\\\/\\\/imprimbook.fr\\\/#\\\/schema\\\/logo\\\/image\\\/\"}}]}<\/script>\n<!-- \/ Yoast SEO plugin. -->","yoast_head_json":{"title":"Mentions l\u00e9gales \u2013 imprimbook.fr - imprimbook.fr","robots":{"index":"index","follow":"follow","max-snippet":"max-snippet:-1","max-image-preview":"max-image-preview:large","max-video-preview":"max-video-preview:-1"},"canonical":"https:\/\/imprimbook.fr\/index.php\/mentions-legales-imprimbook-fr\/","og_locale":"fr_FR","og_type":"article","og_title":"Mentions l\u00e9gales \u2013 imprimbook.fr - imprimbook.fr","og_description":"\u00c9diteur du site Le pr\u00e9sent site internet imprimbook.fr est \u00e9dit\u00e9 par : GROUPE SANTERRE Si\u00e8ge social :PA des M\u00e9tairies56130 Nivillac \u2013 France Nom commercial : Imprimerie Moderne Directeur de la publication :Thierry Santerre, g\u00e9rant H\u00e9bergement Le site est h\u00e9berg\u00e9 par : OVH SAS2 rue Kellermann59100 Roubaix \u2013 FranceT\u00e9l\u00e9phone : 1007Site : www.ovh.com Propri\u00e9t\u00e9 intellectuelle L\u2019ensemble...","og_url":"https:\/\/imprimbook.fr\/index.php\/mentions-legales-imprimbook-fr\/","og_site_name":"imprimbook.fr","article_modified_time":"2026-04-22T12:15:46+00:00","twitter_card":"summary_large_image","twitter_misc":{"Dur\u00e9e de lecture estim\u00e9e":"2 minutes"},"schema":{"@context":"https:\/\/schema.org","@graph":[{"@type":"WebPage","@id":"https:\/\/imprimbook.fr\/index.php\/mentions-legales-imprimbook-fr\/","url":"https:\/\/imprimbook.fr\/index.php\/mentions-legales-imprimbook-fr\/","name":"Mentions l\u00e9gales \u2013 imprimbook.fr - imprimbook.fr","isPartOf":{"@id":"https:\/\/imprimbook.fr\/#website"},"datePublished":"2026-04-22T12:15:45+00:00","dateModified":"2026-04-22T12:15:46+00:00","breadcrumb":{"@id":"https:\/\/imprimbook.fr\/index.php\/mentions-legales-imprimbook-fr\/#breadcrumb"},"inLanguage":"fr-FR","potentialAction":[{"@type":"ReadAction","target":["https:\/\/imprimbook.fr\/index.php\/mentions-legales-imprimbook-fr\/"]}]},{"@type":"BreadcrumbList","@id":"https:\/\/imprimbook.fr\/index.php\/mentions-legales-imprimbook-fr\/#breadcrumb","itemListElement":[{"@type":"ListItem","position":1,"name":"Accueil","item":"https:\/\/imprimbook.fr\/"},{"@type":"ListItem","position":2,"name":"Mentions l\u00e9gales \u2013 imprimbook.fr"}]},{"@type":"WebSite","@id":"https:\/\/imprimbook.fr\/#website","url":"https:\/\/imprimbook.fr\/","name":"imprimbook.fr","description":"Facile &amp; rapide : Imprimez vos livres en ligne","publisher":{"@id":"https:\/\/imprimbook.fr\/#organization"},"potentialAction":[{"@type":"SearchAction","target":{"@type":"EntryPoint","urlTemplate":"https:\/\/imprimbook.fr\/?s={search_term_string}"},"query-input":{"@type":"PropertyValueSpecification","valueRequired":true,"valueName":"search_term_string"}}],"inLanguage":"fr-FR"},{"@type":"Organization","@id":"https:\/\/imprimbook.fr\/#organization","name":"imprimbook.fr","url":"https:\/\/imprimbook.fr\/","logo":{"@type":"ImageObject","inLanguage":"fr-FR","@id":"https:\/\/imprimbook.fr\/#\/schema\/logo\/image\/","url":"https:\/\/imprimbook.fr\/wp-content\/uploads\/2025\/09\/LOGO-INLINE.png","contentUrl":"https:\/\/imprimbook.fr\/wp-content\/uploads\/2025\/09\/LOGO-INLINE.png","width":408,"height":102,"caption":"imprimbook.fr"},"image":{"@id":"https:\/\/imprimbook.fr\/#\/schema\/logo\/image\/"}}]}},"_links":{"self":[{"href":"https:\/\/imprimbook.fr\/index.php\/wp-json\/wp\/v2\/pages\/871","targetHints":{"allow":["GET"]}}],"collection":[{"href":"https:\/\/imprimbook.fr\/index.php\/wp-json\/wp\/v2\/pages"}],"about":[{"href":"https:\/\/imprimbook.fr\/index.php\/wp-json\/wp\/v2\/types\/page"}],"author":[{"embeddable":true,"href":"https:\/\/imprimbook.fr\/index.php\/wp-json\/wp\/v2\/users\/1"}],"replies":[{"embeddable":true,"href":"https:\/\/imprimbook.fr\/index.php\/wp-json\/wp\/v2\/comments?post=871"}],"version-history":[{"count":1,"href":"https:\/\/imprimbook.fr\/index.php\/wp-json\/wp\/v2\/pages\/871\/revisions"}],"predecessor-version":[{"id":872,"href":"https:\/\/imprimbook.fr\/index.php\/wp-json\/wp\/v2\/pages\/871\/revisions\/872"}],"wp:attachment":[{"href":"https:\/\/imprimbook.fr\/index.php\/wp-json\/wp\/v2\/media?parent=871"}],"curies":[{"name":"wp","href":"https:\/\/api.w.org\/{rel}","templated":true}]}}